{"id":6,"date":"2020-10-16T14:23:23","date_gmt":"2020-10-16T14:23:23","guid":{"rendered":"https:\/\/ciedur.org.uy\/site\/?page_id=6"},"modified":"2024-12-05T14:26:47","modified_gmt":"2024-12-05T14:26:47","slug":"quienes-somos","status":"publish","type":"page","link":"https:\/\/ciedur.org.uy\/site\/quienes-somos\/","title":{"rendered":"Quienes somos"},"content":{"rendered":"\n<p>El <strong>Centro Interdisciplinario de Estudios sobre el Desarrollo, Uruguay (CIEDUR)<\/strong> es una Organizaci\u00f3n No Gubernamental, sin fines de lucro, guiada por los principios de independencia, pluralismo, democracia y libertad. Fundado en 1977 por un n\u00facleo interdisciplinario de profesionales, pretende contribuir a la construcci\u00f3n de alternativas para el desarrollo sostenible del pa\u00eds. Buscando caminos hacia el desarrollo, promueve la adquisici\u00f3n de conocimientos y la participaci\u00f3n responsable y en igualdad de oportunidades de los sujetos sociales, base indispensable para el fortalecimiento de la democracia.<\/p>\n\n\n\n<p>Los objetivos generales y permanentes de <strong>CIEDUR<\/strong> son:<\/p>\n\n\n\n<p>Contribuir a mejorar, mediante la informaci\u00f3n y la formaci\u00f3n, la capacidad de propuesta aut\u00f3noma y de participaci\u00f3n de la sociedad civil &#8211; opini\u00f3n p\u00fablica, organizaciones sociales que nuclean a los sectores populares, academia, medios de comunicaci\u00f3n &#8211; de acuerdo a una concepci\u00f3n del proceso de ense\u00f1anza-aprendizaje que valora la experiencia social y el conocimiento acumulado.<br>Realizar investigaci\u00f3n-acci\u00f3n en aspectos vinculados al desarrollo sostenible, con especial \u00e9nfasis en la tem\u00e1tica local, nacional y regional.<\/p>\n\n\n\n<p>El trabajo del Centro abarca las siguientes \u00e1reas:<br>&#8211; Desarrollo y Ambiente (DyA)\u00a0<br>&#8211; Desarrollo y G\u00e9nero (DyG)<br>&#8211; Desarrollo y Trabajo (DyT)<\/p>\n","protected":false},"excerpt":{"rendered":"El Centro Interdisciplinario de Estudios sobre el Desarrollo, Uruguay (CIEDUR) es una Organizaci\u00f3n No Gubernamental, sin fines de lucro, guiada por los principios de independencia, pluralismo, democracia y libertad. Fundado&#8230; <a class=\"view-article\" href=\"https:\/\/ciedur.org.uy\/site\/quienes-somos\/\">Ver art\u00edculo<\/a>","protected":false},"author":1,"featured_media":0,"parent":0,"menu_order":0,"comment_status":"closed","ping_status":"closed","template":"templates\/template-quienes-somos.php","meta":[],"_links":{"self":[{"href":"https:\/\/ciedur.org.uy\/site\/wp-json\/wp\/v2\/pages\/6"}],"collection":[{"href":"https:\/\/ciedur.org.uy\/site\/wp-json\/wp\/v2\/pages"}],"about":[{"href":"https:\/\/ciedur.org.uy\/site\/wp-json\/wp\/v2\/types\/page"}],"author":[{"embeddable":true,"href":"https:\/\/ciedur.org.uy\/site\/wp-json\/wp\/v2\/users\/1"}],"replies":[{"embeddable":true,"href":"https:\/\/ciedur.org.uy\/site\/wp-json\/wp\/v2\/comments?post=6"}],"version-history":[{"count":14,"href":"https:\/\/ciedur.org.uy\/site\/wp-json\/wp\/v2\/pages\/6\/revisions"}],"predecessor-version":[{"id":2415,"href":"https:\/\/ciedur.org.uy\/site\/wp-json\/wp\/v2\/pages\/6\/revisions\/2415"}],"wp:attachment":[{"href":"https:\/\/ciedur.org.uy\/site\/wp-json\/wp\/v2\/media?parent=6"}],"curies":[{"name":"wp","href":"https:\/\/api.w.org\/{rel}","templated":true}]}}